{"id":201,"date":"2020-11-04T11:33:39","date_gmt":"2020-11-04T10:33:39","guid":{"rendered":"http:\/\/aubouchondetain.info\/?page_id=201"},"modified":"2025-10-17T14:11:30","modified_gmt":"2025-10-17T12:11:30","slug":"presentation-2","status":"publish","type":"page","link":"http:\/\/aubouchondetain.info\/","title":{"rendered":"Jeux, Jouets, Vannerie"},"content":{"rendered":"\n<p class=\"has-vivid-red-color has-text-color\"><\/p>\n\n\n\n<p>Venez visiter une boutique aux multiples facettes qui fait r\u00eaver petits et grands.<\/p>\n\n\n\n<p id=\"block-0659024c-4158-4f38-9851-772f9ddc9d3e\">Une boutique atypique et unique qui vous propose :<\/p>\n\n\n\n<div class=\"wp-block-media-text alignwide is-stacked-on-mobile is-image-fill\" style=\"grid-template-columns:27% auto\"><figure class=\"wp-block-media-text__media\" style=\"background-image:url(http:\/\/aubouchondetain.info\/wp-content\/uploads\/2020\/03\/jeux.jpg);background-position:25% 25%\"><img src=\"http:\/\/aubouchondetain.info\/wp-content\/uploads\/2020\/03\/jeux.jpg\" alt=\"\"\/><\/figure><div class=\"wp-block-media-text__content\">\n<p id=\"block-1003491a-7b2a-4fae-925a-decff8abef81\">Un large choix de<strong> jeux et jouets traditionnels<\/strong> pour r\u00e9jouir petits et grands.<\/p>\n\n\n\n<p id=\"block-4bc1ff7b-1a1c-4d5c-87bf-f474af01db44\">N&rsquo;h\u00e9sitez pas \u00e0 monter \u00e0 l&rsquo;\u00e9tage vous y trouverez pleins de tr\u00e9sors.<\/p>\n\n\n\n<p id=\"block-2a336da1-bfbd-452b-ab75-b280efe0cfd0\"><a href=\"http:\/\/aubouchondetain.info\/?page_id=70\">Cliquez ici pour plus de d\u00e9tails<\/a><\/p>\n<\/div><\/div>\n\n\n\n<p id=\"block-3c1c8d64-3752-4791-89a6-1801f78535ff\">_________________________________________________________<\/p>\n\n\n\n<div class=\"wp-block-media-text alignwide is-stacked-on-mobile\" style=\"grid-template-columns:28% auto\"><figure class=\"wp-block-media-text__media\"><img src=\"http:\/\/aubouchondetain.info\/wp-content\/uploads\/2020\/03\/Gravity-1-957x1024.jpg\" alt=\"\"\/><\/figure><div class=\"wp-block-media-text__content\">\n<p id=\"block-fb422415-023c-4ac2-adbd-23b3dc57f86e\">Un service de <strong>location de grands jeux <\/strong>en bois pour animer vos \u00e9v\u00e9nements.<\/p>\n\n\n\n<p id=\"block-c428e313-7099-48fe-a289-94e90664953f\"><a href=\"https:\/\/lapalettedejeux.fr\/\">Cliquez ici pour plus de d\u00e9tails<\/a><\/p>\n<\/div><\/div>\n\n\n\n<p id=\"block-598d7289-04b9-4d12-9fb1-04075d3df04e\">_________________________________________________________<\/p>\n\n\n\n<div class=\"wp-block-media-text alignwide is-stacked-on-mobile\" style=\"grid-template-columns:28% auto\"><figure class=\"wp-block-media-text__media\"><img src=\"http:\/\/aubouchondetain.info\/wp-content\/uploads\/2020\/03\/panier.jpg\" alt=\"\"\/><\/figure><div class=\"wp-block-media-text__content\">\n<p id=\"block-07338da4-87c2-4532-8042-0d43ff13e9b0\">Une gamme de <strong>vannerie<\/strong> vari\u00e9e. Panier \u00e0 pain, \u00e0 linge, \u00e0 bois, coffre de rangement, fauteuil d&rsquo;enfant&#8230;<\/p>\n\n\n\n<p id=\"block-e5b7f955-2d35-4943-beb3-b5b34ca5d980\">Des objets \u00e0 la fois usuels et d\u00e9coratifs en mat\u00e9riaux naturels tels que l&rsquo;osier, le rotin, la paille qui traversent les modes et les g\u00e9n\u00e9rations.<\/p>\n\n\n\n<p id=\"block-0f847ea8-2554-4137-ba44-757c45ba3060\"><a href=\"http:\/\/aubouchondetain.info\/?page_id=61\">Cliquez ici pour plus de d\u00e9tails<\/a><\/p>\n<\/div><\/div>\n","protected":false},"excerpt":{"rendered":"<p>Venez visiter une boutique aux multiples facettes qui fait r\u00eaver petits et grands. Une boutique atypique et unique qui vous &hellip; <\/p>\n","protected":false},"author":1,"featured_media":0,"parent":0,"menu_order":0,"comment_status":"closed","ping_status":"closed","template":"","meta":{"two_page_speed":{"current_score":{"desktop_score":100,"desktop_tti":"0.6\u00a0","mobile_score":94,"mobile_tti":"2.5\u00a0","date":"18.04.2025 12:18:58 pm","status":"completed"}}},"_links":{"self":[{"href":"http:\/\/aubouchondetain.info\/index.php?rest_route=\/wp\/v2\/pages\/201"}],"collection":[{"href":"http:\/\/aubouchondetain.info\/index.php?rest_route=\/wp\/v2\/pages"}],"about":[{"href":"http:\/\/aubouchondetain.info\/index.php?rest_route=\/wp\/v2\/types\/page"}],"author":[{"embeddable":true,"href":"http:\/\/aubouchondetain.info\/index.php?rest_route=\/wp\/v2\/users\/1"}],"replies":[{"embeddable":true,"href":"http:\/\/aubouchondetain.info\/index.php?rest_route=%2Fwp%2Fv2%2Fcomments&post=201"}],"version-history":[{"count":17,"href":"http:\/\/aubouchondetain.info\/index.php?rest_route=\/wp\/v2\/pages\/201\/revisions"}],"predecessor-version":[{"id":316,"href":"http:\/\/aubouchondetain.info\/index.php?rest_route=\/wp\/v2\/pages\/201\/revisions\/316"}],"wp:attachment":[{"href":"http:\/\/aubouchondetain.info\/index.php?rest_route=%2Fwp%2Fv2%2Fmedia&parent=201"}],"curies":[{"name":"wp","href":"https:\/\/api.w.org\/{rel}","templated":true}]}}